{"id":86,"date":"2022-12-04T15:45:49","date_gmt":"2022-12-04T14:45:49","guid":{"rendered":"https:\/\/craf.pl\/?page_id=86"},"modified":"2023-03-02T21:14:09","modified_gmt":"2023-03-02T20:14:09","slug":"wydarzenia","status":"publish","type":"page","link":"https:\/\/craf.pl\/index.php\/wydarzenia\/","title":{"rendered":"Wydarzenia"},"content":{"rendered":"\n<div class=\"wp-block-columns is-layout-flex wp-container-core-columns-is-layout-9d6595d7 wp-block-columns-is-layout-flex\">\n<div class=\"wp-block-column is-layout-flow wp-block-column-is-layout-flow\" style=\"flex-basis:100%\">\n<div class=\"wp-block-media-text alignwide is-stacked-on-mobile\"><figure class=\"wp-block-media-text__media\"><a href=\"https:\/\/craf.pl\/index.php\/wydarzenia\/wiosenny-maraton-fitness\/\"><img loading=\"lazy\" decoding=\"async\" width=\"1024\" height=\"1024\" src=\"https:\/\/craf.pl\/wp-content\/uploads\/2023\/03\/Yellow-Modern-Gym-Fitness-Strong-Instagram-Post-Plakat-orientacja-pionowa-42\u00d7594-cm-Post-na-Instagram-Kwadrat-1-1024x1024.png\" alt=\"\" class=\"wp-image-358 size-full\" srcset=\"https:\/\/craf.pl\/wp-content\/uploads\/2023\/03\/Yellow-Modern-Gym-Fitness-Strong-Instagram-Post-Plakat-orientacja-pionowa-42\u00d7594-cm-Post-na-Instagram-Kwadrat-1-1024x1024.png 1024w, https:\/\/craf.pl\/wp-content\/uploads\/2023\/03\/Yellow-Modern-Gym-Fitness-Strong-Instagram-Post-Plakat-orientacja-pionowa-42\u00d7594-cm-Post-na-Instagram-Kwadrat-1-300x300.png 300w, https:\/\/craf.pl\/wp-content\/uploads\/2023\/03\/Yellow-Modern-Gym-Fitness-Strong-Instagram-Post-Plakat-orientacja-pionowa-42\u00d7594-cm-Post-na-Instagram-Kwadrat-1-150x150.png 150w, https:\/\/craf.pl\/wp-content\/uploads\/2023\/03\/Yellow-Modern-Gym-Fitness-Strong-Instagram-Post-Plakat-orientacja-pionowa-42\u00d7594-cm-Post-na-Instagram-Kwadrat-1-768x768.png 768w, https:\/\/craf.pl\/wp-content\/uploads\/2023\/03\/Yellow-Modern-Gym-Fitness-Strong-Instagram-Post-Plakat-orientacja-pionowa-42\u00d7594-cm-Post-na-Instagram-Kwadrat-1-60x60.png 60w, https:\/\/craf.pl\/wp-content\/uploads\/2023\/03\/Yellow-Modern-Gym-Fitness-Strong-Instagram-Post-Plakat-orientacja-pionowa-42\u00d7594-cm-Post-na-Instagram-Kwadrat-1.png 1080w\" sizes=\"auto, (max-width: 1024px) 100vw, 1024px\" \/><\/a><\/figure><div class=\"wp-block-media-text__content\">\n<p>WIOSENNY MARATON FITNESS w Droszkowie!<\/p>\n\n\n\n<p>Wydarzenie to ma zach\u0119ci\u0107 Was do aktywno\u015bci fizycznej uprawianej systematycznie! A dodatkowo da\u0107 Wam motywacj\u0119 &#8211; w grupie zawsze ra\u017aniej! Mo\u017ce to w\u0142a\u015bnie b\u0119dzie ten moment, kiedy powiecie sobie: TAK dla cho\u0107by ma\u0142ej dawki ruchu ka\u017cdego dnia!<\/p>\n<\/div><\/div>\n\n\n\n<hr class=\"wp-block-separator has-alpha-channel-opacity is-style-wide\"\/>\n\n\n\n<div class=\"wp-block-media-text alignwide is-stacked-on-mobile\"><figure class=\"wp-block-media-text__media\"><a href=\"https:\/\/craf.pl\/index.php\/wydarzenia\/kobiecy-weekend-3\/\"><img loading=\"lazy\" decoding=\"async\" width=\"1024\" height=\"1024\" src=\"https:\/\/craf.pl\/wp-content\/uploads\/2023\/03\/Czarny-i-Bialy-Babski-Weekend-Spolecznosciowe-Media-Post-1-1024x1024.png\" alt=\"\" class=\"wp-image-291 size-full\" srcset=\"https:\/\/craf.pl\/wp-content\/uploads\/2023\/03\/Czarny-i-Bialy-Babski-Weekend-Spolecznosciowe-Media-Post-1-1024x1024.png 1024w, https:\/\/craf.pl\/wp-content\/uploads\/2023\/03\/Czarny-i-Bialy-Babski-Weekend-Spolecznosciowe-Media-Post-1-300x300.png 300w, https:\/\/craf.pl\/wp-content\/uploads\/2023\/03\/Czarny-i-Bialy-Babski-Weekend-Spolecznosciowe-Media-Post-1-150x150.png 150w, https:\/\/craf.pl\/wp-content\/uploads\/2023\/03\/Czarny-i-Bialy-Babski-Weekend-Spolecznosciowe-Media-Post-1-768x768.png 768w, https:\/\/craf.pl\/wp-content\/uploads\/2023\/03\/Czarny-i-Bialy-Babski-Weekend-Spolecznosciowe-Media-Post-1-60x60.png 60w, https:\/\/craf.pl\/wp-content\/uploads\/2023\/03\/Czarny-i-Bialy-Babski-Weekend-Spolecznosciowe-Media-Post-1.png 1080w\" sizes=\"auto, (max-width: 1024px) 100vw, 1024px\" \/><\/a><\/figure><div class=\"wp-block-media-text__content\">\n<p class=\"has-text-align-left\">Sp\u0119dzimy weekend w urokliwym miejscu, otoczonym pi\u0119kn\u0105 natur\u0105, do\u015bwiadczaj\u0105c skupienia na sobie, rozwoju osobistym (fizycznym i mentalnym) oraz byciu w tu i teraz. Ten wyjazd to Tw\u00f3j czas!&nbsp;<\/p>\n<\/div><\/div>\n\n\n\n<hr class=\"wp-block-separator has-alpha-channel-opacity is-style-wide\"\/>\n\n\n\n<div class=\"wp-block-media-text alignwide is-stacked-on-mobile\"><figure class=\"wp-block-media-text__media\"><a href=\"https:\/\/craf.pl\/index.php\/wydarzenia\/swiateczny-koncert-relaksacyjny\/\"><img loading=\"lazy\" decoding=\"async\" width=\"1024\" height=\"1024\" src=\"https:\/\/craf.pl\/wp-content\/uploads\/2022\/12\/Swiateczzny-koncert-w-hamakach-1024x1024.png\" alt=\"\" class=\"wp-image-176 size-full\" srcset=\"https:\/\/craf.pl\/wp-content\/uploads\/2022\/12\/Swiateczzny-koncert-w-hamakach-1024x1024.png 1024w, https:\/\/craf.pl\/wp-content\/uploads\/2022\/12\/Swiateczzny-koncert-w-hamakach-300x300.png 300w, https:\/\/craf.pl\/wp-content\/uploads\/2022\/12\/Swiateczzny-koncert-w-hamakach-150x150.png 150w, https:\/\/craf.pl\/wp-content\/uploads\/2022\/12\/Swiateczzny-koncert-w-hamakach-768x768.png 768w, https:\/\/craf.pl\/wp-content\/uploads\/2022\/12\/Swiateczzny-koncert-w-hamakach-60x60.png 60w, https:\/\/craf.pl\/wp-content\/uploads\/2022\/12\/Swiateczzny-koncert-w-hamakach.png 1080w\" sizes=\"auto, (max-width: 1024px) 100vw, 1024px\" \/><\/a><\/figure><div class=\"wp-block-media-text__content\">\n<p class=\"has-text-align-left\">\u015awi\u0105teczny czas zbli\u017ca si\u0119 wielkimi krokami! Aby umili\u0107 czas oczekiwania na ten pi\u0119kny okres w roku, ju\u017c dzi\u015b zapraszam Was 10 grudnia 2022 do udzia\u0142u w \u015aWI\u0104TECZNYM KONCERCIE RELAKSACYJNYM oraz wsp\u00f3lnej medytacji z d\u017awi\u0119kiem z Karolina Kaja Szymk\u00f3w.<\/p>\n<\/div><\/div>\n\n\n\n<hr class=\"wp-block-separator has-alpha-channel-opacity is-style-wide\"\/>\n\n\n\n<div class=\"wp-block-media-text alignwide is-stacked-on-mobile\"><figure class=\"wp-block-media-text__media\"><a href=\"https:\/\/craf.pl\/index.php\/wydarzenia\/kobiecy-weekend-2\/\"><img loading=\"lazy\" decoding=\"async\" width=\"1024\" height=\"1024\" src=\"https:\/\/craf.pl\/wp-content\/uploads\/2022\/12\/Kobiecy-Weekend-1024x1024.png\" alt=\"\" class=\"wp-image-177 size-full\" srcset=\"https:\/\/craf.pl\/wp-content\/uploads\/2022\/12\/Kobiecy-Weekend-1024x1024.png 1024w, https:\/\/craf.pl\/wp-content\/uploads\/2022\/12\/Kobiecy-Weekend-300x300.png 300w, https:\/\/craf.pl\/wp-content\/uploads\/2022\/12\/Kobiecy-Weekend-150x150.png 150w, https:\/\/craf.pl\/wp-content\/uploads\/2022\/12\/Kobiecy-Weekend-768x768.png 768w, https:\/\/craf.pl\/wp-content\/uploads\/2022\/12\/Kobiecy-Weekend-60x60.png 60w, https:\/\/craf.pl\/wp-content\/uploads\/2022\/12\/Kobiecy-Weekend.png 1080w\" sizes=\"auto, (max-width: 1024px) 100vw, 1024px\" \/><\/a><\/figure><div class=\"wp-block-media-text__content\">\n<p>Wypocznij aktywnie w otoczeniu natury, pozw\u00f3l ukoi\u0107 swoje cia\u0142o i umys\u0142 w ekologicznym SPA nad brzegiem jeziora, zrelaksuj si\u0119 w d\u017awi\u0119kach p\u0142yn\u0105cych z serca!<\/p>\n<\/div><\/div>\n\n\n\n<hr class=\"wp-block-separator has-alpha-channel-opacity is-style-wide\"\/>\n\n\n\n<div class=\"wp-block-media-text alignwide is-stacked-on-mobile\"><figure class=\"wp-block-media-text__media\"><a href=\"https:\/\/craf.pl\/index.php\/wydarzenia\/wydarzenia-3\/\"><img loading=\"lazy\" decoding=\"async\" width=\"940\" height=\"788\" src=\"https:\/\/craf.pl\/wp-content\/uploads\/2022\/12\/Koncert-gongow.png\" alt=\"\" class=\"wp-image-174 size-full\" srcset=\"https:\/\/craf.pl\/wp-content\/uploads\/2022\/12\/Koncert-gongow.png 940w, https:\/\/craf.pl\/wp-content\/uploads\/2022\/12\/Koncert-gongow-300x251.png 300w, https:\/\/craf.pl\/wp-content\/uploads\/2022\/12\/Koncert-gongow-768x644.png 768w, https:\/\/craf.pl\/wp-content\/uploads\/2022\/12\/Koncert-gongow-72x60.png 72w\" sizes=\"auto, (max-width: 940px) 100vw, 940px\" \/><\/a><\/figure><div class=\"wp-block-media-text__content\">\n<p>Zapraszam na koncert gong\u00f3w i mis tybeta\u0144skich w wykonaniu Urabis Wojciech Walewski \u2013 Pracownia rozwoju i masa\u017cu d\u017awi\u0119kiem po\u0142\u0105czony z sesj\u0105 relaksacyjn\u0105 w hamakach!&nbsp;<\/p>\n<\/div><\/div>\n\n\n\n<hr class=\"wp-block-separator has-alpha-channel-opacity is-style-wide\"\/>\n\n\n\n<div class=\"wp-block-media-text alignwide is-stacked-on-mobile is-image-fill\"><figure class=\"wp-block-media-text__media\" style=\"background-image:url(https:\/\/craf.pl\/wp-content\/uploads\/2022\/12\/niech-plynie-z-natury-koncert-i-stretching-1024x651.jpg);background-position:50% 50%\"><a href=\"https:\/\/craf.pl\/index.php\/wydarzenia\/wydarzenia-2\/\"><img loading=\"lazy\" decoding=\"async\" width=\"1024\" height=\"651\" src=\"https:\/\/craf.pl\/wp-content\/uploads\/2022\/12\/niech-plynie-z-natury-koncert-i-stretching-1024x651.jpg\" alt=\"Niech p\u0142ynie z natury\u2026 stretching i sesja d\u017awi\u0119kowa w ogrodzie!\" class=\"wp-image-178 size-full\" srcset=\"https:\/\/craf.pl\/wp-content\/uploads\/2022\/12\/niech-plynie-z-natury-koncert-i-stretching-1024x651.jpg 1024w, https:\/\/craf.pl\/wp-content\/uploads\/2022\/12\/niech-plynie-z-natury-koncert-i-stretching-300x191.jpg 300w, https:\/\/craf.pl\/wp-content\/uploads\/2022\/12\/niech-plynie-z-natury-koncert-i-stretching-768x489.jpg 768w, https:\/\/craf.pl\/wp-content\/uploads\/2022\/12\/niech-plynie-z-natury-koncert-i-stretching-1536x977.jpg 1536w, https:\/\/craf.pl\/wp-content\/uploads\/2022\/12\/niech-plynie-z-natury-koncert-i-stretching-2048x1303.jpg 2048w, https:\/\/craf.pl\/wp-content\/uploads\/2022\/12\/niech-plynie-z-natury-koncert-i-stretching-94x60.jpg 94w\" sizes=\"auto, (max-width: 1024px) 100vw, 1024px\" \/><\/a><\/figure><div class=\"wp-block-media-text__content\">\n<p class=\"has-medium-font-size\">Zapraszam Ci\u0119 na spotkanie w otoczeniu natury, kt\u00f3re pozwoli Ci na oderwanie si\u0119 od codziennych spraw, zrelaksuje, rozci\u0105gnie i ukoi Twoje cia\u0142o i umys\u0142! Zapraszam Ci\u0119 na wyciszaj\u0105co-relaksacyjn\u0105 sesj\u0119 d\u017awi\u0119kow\u0105 poprzedzon\u0105 stretchingiem!&nbsp;<\/p>\n<\/div><\/div>\n<\/div>\n<\/div>\n","protected":false},"excerpt":{"rendered":"<p>WIOSENNY MARATON FITNESS w Droszkowie! Wydarzenie to ma zach\u0119ci\u0107 Was do aktywno\u015bci fizycznej uprawianej systematycznie! A dodatkowo da\u0107 Wam motywacj\u0119 &hellip; <\/p>\n","protected":false},"author":1,"featured_media":67,"parent":0,"menu_order":0,"comment_status":"closed","ping_status":"closed","template":"","meta":{"footnotes":""},"class_list":["post-86","page","type-page","status-publish","has-post-thumbnail","hentry"],"_links":{"self":[{"href":"https:\/\/craf.pl\/index.php\/wp-json\/wp\/v2\/pages\/86","targetHints":{"allow":["GET"]}}],"collection":[{"href":"https:\/\/craf.pl\/index.php\/wp-json\/wp\/v2\/pages"}],"about":[{"href":"https:\/\/craf.pl\/index.php\/wp-json\/wp\/v2\/types\/page"}],"author":[{"embeddable":true,"href":"https:\/\/craf.pl\/index.php\/wp-json\/wp\/v2\/users\/1"}],"replies":[{"embeddable":true,"href":"https:\/\/craf.pl\/index.php\/wp-json\/wp\/v2\/comments?post=86"}],"version-history":[{"count":23,"href":"https:\/\/craf.pl\/index.php\/wp-json\/wp\/v2\/pages\/86\/revisions"}],"predecessor-version":[{"id":359,"href":"https:\/\/craf.pl\/index.php\/wp-json\/wp\/v2\/pages\/86\/revisions\/359"}],"wp:featuredmedia":[{"embeddable":true,"href":"https:\/\/craf.pl\/index.php\/wp-json\/wp\/v2\/media\/67"}],"wp:attachment":[{"href":"https:\/\/craf.pl\/index.php\/wp-json\/wp\/v2\/media?parent=86"}],"curies":[{"name":"wp","href":"https:\/\/api.w.org\/{rel}","templated":true}]}}