{"id":290,"date":"2023-03-02T19:30:37","date_gmt":"2023-03-02T18:30:37","guid":{"rendered":"https:\/\/craf.pl\/?page_id=290"},"modified":"2023-03-02T19:30:37","modified_gmt":"2023-03-02T18:30:37","slug":"kobiecy-weekend-3","status":"publish","type":"page","link":"https:\/\/craf.pl\/index.php\/wydarzenia\/kobiecy-weekend-3\/","title":{"rendered":"Kobiecy Weekend"},"content":{"rendered":"\n<div class=\"wp-block-columns is-layout-flex wp-container-core-columns-is-layout-9d6595d7 wp-block-columns-is-layout-flex\">\n<div class=\"wp-block-column is-layout-flow wp-block-column-is-layout-flow\" style=\"flex-basis:100%\"><div class=\"wp-block-image\">\n<figure class=\"alignleft size-large\"><img loading=\"lazy\" decoding=\"async\" width=\"1024\" height=\"1024\" src=\"https:\/\/craf.pl\/wp-content\/uploads\/2023\/03\/Czarny-i-Bialy-Babski-Weekend-Spolecznosciowe-Media-Post-1-1024x1024.png\" alt=\"\" class=\"wp-image-291\" srcset=\"https:\/\/craf.pl\/wp-content\/uploads\/2023\/03\/Czarny-i-Bialy-Babski-Weekend-Spolecznosciowe-Media-Post-1-1024x1024.png 1024w, https:\/\/craf.pl\/wp-content\/uploads\/2023\/03\/Czarny-i-Bialy-Babski-Weekend-Spolecznosciowe-Media-Post-1-300x300.png 300w, https:\/\/craf.pl\/wp-content\/uploads\/2023\/03\/Czarny-i-Bialy-Babski-Weekend-Spolecznosciowe-Media-Post-1-150x150.png 150w, https:\/\/craf.pl\/wp-content\/uploads\/2023\/03\/Czarny-i-Bialy-Babski-Weekend-Spolecznosciowe-Media-Post-1-768x768.png 768w, https:\/\/craf.pl\/wp-content\/uploads\/2023\/03\/Czarny-i-Bialy-Babski-Weekend-Spolecznosciowe-Media-Post-1-60x60.png 60w, https:\/\/craf.pl\/wp-content\/uploads\/2023\/03\/Czarny-i-Bialy-Babski-Weekend-Spolecznosciowe-Media-Post-1.png 1080w\" sizes=\"auto, (max-width: 1024px) 100vw, 1024px\" \/><\/figure>\n<\/div><\/div>\n<\/div>\n\n\n\n<p>Podczas weekendu:<br>&#8211; roz\u0142adujesz nagromadzone napi\u0119cia,<br>&#8211; zyska\u0107 energi\u0119 i si\u0142\u0119 do dzia\u0142ania,<br>&#8211; pozytywnie si\u0119 nastroisz i zregenerujesz,<br>&#8211; zyskasz nowe umiej\u0119tno\u015bci komunikowania si\u0119, wyra\u017cania swoich potrzeb (warsztaty),<br>&#8211; wzmocnisz cia\u0142o, poprawisz jego elastyczno\u015b\u0107 (sesje \u0107wicze\u0144),<br>&#8211; poznasz nowe \u0107wiczenia, z kt\u00f3rych b\u0119dziesz korzysta\u0107 na co dzie\u0144,\u00a0<br>&#8211; b\u0119dziesz otacza\u0107 si\u0119 wszechobecn\u0105 natur\u0105,<br>&#8211; poznasz nowe osoby.\u00a0<\/p>\n\n\n\n<p>Poranki b\u0119dziemy zaczyna\u0107 aktywnie, aby pobudzi\u0107 nasze cia\u0142a i umys\u0142y do dzia\u0142ania! Wieczory up\u0142yn\u0105 nam na wsp\u00f3lnym przebywaniu i babskich pogaduchach (ognisko) oraz b\u0142ogim relaksie i odpr\u0119\u017ceniu w indywidualnych podr\u00f3\u017cach przez d\u017awi\u0119ki (koncert). Gospodarze zadbaj\u0105, aby jedzenie by\u0142o smaczne. W wolnych chwilach, w ciszy, w otoczeniu budz\u0105cej si\u0119 do \u017cycia natury, z kubkiem kawy odpoczniesz od codziennych obowi\u0105zk\u00f3w i p\u0119du \u017cycia. Ten czas po\u015bwi\u0119cisz tylko SOBIE!&nbsp;<\/p>\n\n\n\n<p>Podczas warsztat\u00f3w, b\u0119dziemy razem:<br>&#8211; Uczy\u0107 si\u0119 uwa\u017cnego s\u0142uchania i asertywnego wyra\u017cania siebie i swoich potrzeb z szacunkiem dla siebie i innych.<br>&#8211; Budowa\u0107 pozytywn\u0105 i otwart\u0105 postaw\u0119 wobec siebie, innych, \u015bwiata\u2026<br>&#8211; Wzmacnia\u0107 wewn\u0119trzn\u0105 si\u0142\u0119, kt\u00f3ra jest w ka\u017cdej z nas.\u00a0<\/p>\n\n\n\n<p>Podczas koncertu instrumentalnego, b\u0119dziemy:<br>&#8211; Ws\u0142uchiwa\u0107 si\u0119 w swoje wn\u0119trze.\u00a0<br>&#8211; Szuka\u0107 harmonii i odpr\u0119\u017cenia z p\u0142yn\u0105cych d\u017awi\u0119k\u00f3w.<br>&#8211; Relaksowa\u0107 nasze cia\u0142a i umys\u0142y.\u00a0<\/p>\n\n\n\n<p>Podczas \u0107wicze\u0144, b\u0119dziemy razem:<br>&#8211; Wzmacnia\u0107 i uelastycznia\u0107 nasze cia\u0142a.<br>&#8211; Czerpa\u0107 rado\u015b\u0107 z ruchu.<br>&#8211; Budowa\u0107 \u015bwiadomo\u015b\u0107 aktywno\u015bci fizycznej na co dzie\u0144.<\/p>\n\n\n\n<p>MIEJSCE: Weekend odb\u0119dzie si\u0119 w przepi\u0119knym miejscu: Stary M\u0142yn w Brze\u017anicy, po\u0142o\u017cony w\u015br\u00f3d bujnej zieleni i spokoju szumi\u0105cej rzecznej wody. Kuchnia tradycyjna, w nowoczesnym wydaniu, tworzona z mi\u0142o\u015bci i pasji do gotowania. Wn\u0119trza i pokoje urz\u0105dzone zosta\u0142y z zachowaniem zabytkowego stylu tworz\u0105c niepowtarzaln\u0105 atmosfer\u0119.<\/p>\n\n\n\n<p>INFORMACJE:<\/p>\n\n\n\n<p>Data 2. Edycji KOBIECEGO WEEKENDU: 21-23.04.2023<\/p>\n\n\n\n<p>Miejsce: Stary M\u0142yn w Brze\u017anicy<\/p>\n\n\n\n<p>Inwestycja w siebie: 1080,00 z\u0142*&nbsp;<\/p>\n\n\n\n<p>(cena obejmuje noclegi, warsztaty, sesje \u0107wicze\u0144, koncert, ognisko, a tak\u017ce pe\u0142ne wy\u017cywienie: \u015bniadanie, obiad, kolacj\u0119).<\/p>\n\n\n\n<p>*przy rezerwacji miejsca wymagana jest zaliczka 300 z\u0142.<\/p>\n\n\n\n<p>Chcesz dowiedzie\u0107 si\u0119 wi\u0119cej lub zarezerwowa\u0107 miejsce \u2013 napisz!<\/p>\n\n\n\n<p>Zadzwo\u0144: 605 932 429, lub napisz do mnie:&nbsp;<a href=\"mailto:craf@craf.pl\">craf@craf.pl<\/a><\/p>\n","protected":false},"excerpt":{"rendered":"<p>Podczas weekendu:&#8211; roz\u0142adujesz nagromadzone napi\u0119cia,&#8211; zyska\u0107 energi\u0119 i si\u0142\u0119 do dzia\u0142ania,&#8211; pozytywnie si\u0119 nastroisz i zregenerujesz,&#8211; zyskasz nowe umiej\u0119tno\u015bci komunikowania &hellip; <\/p>\n","protected":false},"author":1,"featured_media":67,"parent":86,"menu_order":0,"comment_status":"closed","ping_status":"closed","template":"","meta":{"footnotes":""},"class_list":["post-290","page","type-page","status-publish","has-post-thumbnail","hentry"],"_links":{"self":[{"href":"https:\/\/craf.pl\/index.php\/wp-json\/wp\/v2\/pages\/290","targetHints":{"allow":["GET"]}}],"collection":[{"href":"https:\/\/craf.pl\/index.php\/wp-json\/wp\/v2\/pages"}],"about":[{"href":"https:\/\/craf.pl\/index.php\/wp-json\/wp\/v2\/types\/page"}],"author":[{"embeddable":true,"href":"https:\/\/craf.pl\/index.php\/wp-json\/wp\/v2\/users\/1"}],"replies":[{"embeddable":true,"href":"https:\/\/craf.pl\/index.php\/wp-json\/wp\/v2\/comments?post=290"}],"version-history":[{"count":1,"href":"https:\/\/craf.pl\/index.php\/wp-json\/wp\/v2\/pages\/290\/revisions"}],"predecessor-version":[{"id":292,"href":"https:\/\/craf.pl\/index.php\/wp-json\/wp\/v2\/pages\/290\/revisions\/292"}],"up":[{"embeddable":true,"href":"https:\/\/craf.pl\/index.php\/wp-json\/wp\/v2\/pages\/86"}],"wp:featuredmedia":[{"embeddable":true,"href":"https:\/\/craf.pl\/index.php\/wp-json\/wp\/v2\/media\/67"}],"wp:attachment":[{"href":"https:\/\/craf.pl\/index.php\/wp-json\/wp\/v2\/media?parent=290"}],"curies":[{"name":"wp","href":"https:\/\/api.w.org\/{rel}","templated":true}]}}