{"id":192,"date":"2022-12-07T08:34:16","date_gmt":"2022-12-07T07:34:16","guid":{"rendered":"https:\/\/craf.pl\/?page_id=192"},"modified":"2022-12-07T08:34:16","modified_gmt":"2022-12-07T07:34:16","slug":"kobiecy-weekend-2","status":"publish","type":"page","link":"https:\/\/craf.pl\/index.php\/wydarzenia\/kobiecy-weekend-2\/","title":{"rendered":"Kobiecy Weekend"},"content":{"rendered":"\n<div class=\"wp-block-columns is-layout-flex wp-container-core-columns-is-layout-9d6595d7 wp-block-columns-is-layout-flex\">\n<div class=\"wp-block-column is-layout-flow wp-block-column-is-layout-flow\" style=\"flex-basis:100%\"><div class=\"wp-block-image\">\n<figure class=\"alignleft size-large\"><img loading=\"lazy\" decoding=\"async\" width=\"1024\" height=\"1024\" src=\"https:\/\/craf.pl\/wp-content\/uploads\/2022\/12\/Kobiecy-Weekend-1024x1024.png\" alt=\"\" class=\"wp-image-177\" srcset=\"https:\/\/craf.pl\/wp-content\/uploads\/2022\/12\/Kobiecy-Weekend-1024x1024.png 1024w, https:\/\/craf.pl\/wp-content\/uploads\/2022\/12\/Kobiecy-Weekend-300x300.png 300w, https:\/\/craf.pl\/wp-content\/uploads\/2022\/12\/Kobiecy-Weekend-150x150.png 150w, https:\/\/craf.pl\/wp-content\/uploads\/2022\/12\/Kobiecy-Weekend-768x768.png 768w, https:\/\/craf.pl\/wp-content\/uploads\/2022\/12\/Kobiecy-Weekend-60x60.png 60w, https:\/\/craf.pl\/wp-content\/uploads\/2022\/12\/Kobiecy-Weekend.png 1080w\" sizes=\"auto, (max-width: 1024px) 100vw, 1024px\" \/><\/figure>\n<\/div><\/div>\n<\/div>\n\n\n\n<p>Wypocznij aktywnie w otoczeniu natury, pozw\u00f3l ukoi\u0107 swoje cia\u0142o i umys\u0142 w ekologicznym SPA nad brzegiem jeziora, zrelaksuj si\u0119 w d\u017awi\u0119kach p\u0142yn\u0105cych z serca!<\/p>\n\n\n\n<p>Wydarzenie obejmuje:<\/p>\n\n\n\n<p>Pobyt z jednym noclegiem w Hotelu SPA Dw\u00f3r Kolesin<\/p>\n\n\n\n<p>Treningi cia\u0142a w rytmie SLOW<\/p>\n\n\n\n<p>Sesja w saunie i jacuzzi opalanymi drewnem<\/p>\n\n\n\n<p>Koncert instrumentalno-relaksacyjny z zielon\u0105 herbat\u0105<\/p>\n\n\n\n<p>Kuchnia wegetaria\u0144ska<\/p>\n\n\n\n<p>Czas: 22-23.10.2022<\/p>\n\n\n\n<p>Miejsce: Hotel SPA Dw\u00f3r Kolesin, Babimost<\/p>\n\n\n\n<p>Koszt: 659 z\u0142<\/p>\n\n\n\n<p>Organizator: Centrum Rozwoju Aktywno\u015bci Fizycznej<\/p>\n\n\n\n<p>Wi\u0119cej informacji i zapisy pod numerem tel. 605 932 429.<\/p>\n\n\n\n<p>Liczba miejsc ograniczona!<\/p>\n","protected":false},"excerpt":{"rendered":"<p>Wypocznij aktywnie w otoczeniu natury, pozw\u00f3l ukoi\u0107 swoje cia\u0142o i umys\u0142 w ekologicznym SPA nad brzegiem jeziora, zrelaksuj si\u0119 w &hellip; <\/p>\n","protected":false},"author":1,"featured_media":67,"parent":86,"menu_order":0,"comment_status":"closed","ping_status":"closed","template":"","meta":{"footnotes":""},"class_list":["post-192","page","type-page","status-publish","has-post-thumbnail","hentry"],"_links":{"self":[{"href":"https:\/\/craf.pl\/index.php\/wp-json\/wp\/v2\/pages\/192","targetHints":{"allow":["GET"]}}],"collection":[{"href":"https:\/\/craf.pl\/index.php\/wp-json\/wp\/v2\/pages"}],"about":[{"href":"https:\/\/craf.pl\/index.php\/wp-json\/wp\/v2\/types\/page"}],"author":[{"embeddable":true,"href":"https:\/\/craf.pl\/index.php\/wp-json\/wp\/v2\/users\/1"}],"replies":[{"embeddable":true,"href":"https:\/\/craf.pl\/index.php\/wp-json\/wp\/v2\/comments?post=192"}],"version-history":[{"count":1,"href":"https:\/\/craf.pl\/index.php\/wp-json\/wp\/v2\/pages\/192\/revisions"}],"predecessor-version":[{"id":193,"href":"https:\/\/craf.pl\/index.php\/wp-json\/wp\/v2\/pages\/192\/revisions\/193"}],"up":[{"embeddable":true,"href":"https:\/\/craf.pl\/index.php\/wp-json\/wp\/v2\/pages\/86"}],"wp:featuredmedia":[{"embeddable":true,"href":"https:\/\/craf.pl\/index.php\/wp-json\/wp\/v2\/media\/67"}],"wp:attachment":[{"href":"https:\/\/craf.pl\/index.php\/wp-json\/wp\/v2\/media?parent=192"}],"curies":[{"name":"wp","href":"https:\/\/api.w.org\/{rel}","templated":true}]}}