{"id":187,"date":"2022-12-06T10:44:22","date_gmt":"2022-12-06T09:44:22","guid":{"rendered":"https:\/\/craf.pl\/index.php\/wydarzenia\/wydarzenia-2-2\/"},"modified":"2022-12-06T10:53:28","modified_gmt":"2022-12-06T09:53:28","slug":"wydarzenia-3","status":"publish","type":"page","link":"https:\/\/craf.pl\/index.php\/wydarzenia\/wydarzenia-3\/","title":{"rendered":"KONCERT GONG\u00d3W I MIS TYBETA\u0143SKICH &#8211; URABIS"},"content":{"rendered":"\n<figure class=\"wp-block-image size-full\"><img loading=\"lazy\" decoding=\"async\" width=\"940\" height=\"788\" src=\"https:\/\/craf.pl\/wp-content\/uploads\/2022\/12\/Koncert-gongow.png\" alt=\"\" class=\"wp-image-174\" srcset=\"https:\/\/craf.pl\/wp-content\/uploads\/2022\/12\/Koncert-gongow.png 940w, https:\/\/craf.pl\/wp-content\/uploads\/2022\/12\/Koncert-gongow-300x251.png 300w, https:\/\/craf.pl\/wp-content\/uploads\/2022\/12\/Koncert-gongow-768x644.png 768w, https:\/\/craf.pl\/wp-content\/uploads\/2022\/12\/Koncert-gongow-72x60.png 72w\" sizes=\"auto, (max-width: 940px) 100vw, 940px\" \/><\/figure>\n\n\n\n<p>Zapraszam na koncert gong\u00f3w i mis tybeta\u0144skich w wykonaniu Urabis Wojciech Walewski &#8211; Pracownia rozwoju i masa\u017cu d\u017awi\u0119kiem po\u0142\u0105czony z sesj\u0105 relaksacyjn\u0105 w hamakach!\u00a0<\/p>\n\n\n\n<p>Kiedy: 19 listopada (sobota)\/ 20 listopada (niedziela)<\/p>\n\n\n\n<p>Gdzie: salka na Ceglanej (Droszk\u00f3w)<\/p>\n\n\n\n<p>Godzina: 18:30- 20:00 i 17:30 -19:00<\/p>\n\n\n\n<p>Obowi\u0105zuj\u0105 zapisy! Liczba miejsc ograniczona!<\/p>\n","protected":false},"excerpt":{"rendered":"<p>Zapraszam na koncert gong\u00f3w i mis tybeta\u0144skich w wykonaniu Urabis Wojciech Walewski &#8211; Pracownia rozwoju i masa\u017cu d\u017awi\u0119kiem po\u0142\u0105czony z &hellip; <\/p>\n","protected":false},"author":1,"featured_media":67,"parent":86,"menu_order":0,"comment_status":"closed","ping_status":"closed","template":"","meta":{"footnotes":""},"class_list":["post-187","page","type-page","status-publish","has-post-thumbnail","hentry"],"_links":{"self":[{"href":"https:\/\/craf.pl\/index.php\/wp-json\/wp\/v2\/pages\/187","targetHints":{"allow":["GET"]}}],"collection":[{"href":"https:\/\/craf.pl\/index.php\/wp-json\/wp\/v2\/pages"}],"about":[{"href":"https:\/\/craf.pl\/index.php\/wp-json\/wp\/v2\/types\/page"}],"author":[{"embeddable":true,"href":"https:\/\/craf.pl\/index.php\/wp-json\/wp\/v2\/users\/1"}],"replies":[{"embeddable":true,"href":"https:\/\/craf.pl\/index.php\/wp-json\/wp\/v2\/comments?post=187"}],"version-history":[{"count":2,"href":"https:\/\/craf.pl\/index.php\/wp-json\/wp\/v2\/pages\/187\/revisions"}],"predecessor-version":[{"id":189,"href":"https:\/\/craf.pl\/index.php\/wp-json\/wp\/v2\/pages\/187\/revisions\/189"}],"up":[{"embeddable":true,"href":"https:\/\/craf.pl\/index.php\/wp-json\/wp\/v2\/pages\/86"}],"wp:featuredmedia":[{"embeddable":true,"href":"https:\/\/craf.pl\/index.php\/wp-json\/wp\/v2\/media\/67"}],"wp:attachment":[{"href":"https:\/\/craf.pl\/index.php\/wp-json\/wp\/v2\/media?parent=187"}],"curies":[{"name":"wp","href":"https:\/\/api.w.org\/{rel}","templated":true}]}}